{"id":747,"date":"2023-06-23T08:04:41","date_gmt":"2023-06-23T08:04:41","guid":{"rendered":"https:\/\/wehireu.com\/?page_id=747"},"modified":"2023-08-07T09:31:48","modified_gmt":"2023-08-07T09:31:48","slug":"contact","status":"publish","type":"page","link":"https:\/\/wehireu.com\/en\/contact\/","title":{"rendered":"Contact"},"content":{"rendered":"<div class=\"wpb-content-wrapper\"><p>[vc_row row_height_percent=&#8221;0&#8243; override_padding=&#8221;yes&#8221; h_padding=&#8221;2&#8243; top_padding=&#8221;0&#8243; bottom_padding=&#8221;5&#8243; overlay_alpha=&#8221;100&#8243; equal_height=&#8221;yes&#8221; gutter_size=&#8221;4&#8243; column_width_percent=&#8221;100&#8243; shift_y=&#8221;0&#8243; z_index=&#8221;0&#8243; mobile_visibility=&#8221;yes&#8221; uncode_shortcode_id=&#8221;153283&#8243;][vc_column column_width_percent=&#8221;100&#8243; gutter_size=&#8221;3&#8243; override_padding=&#8221;yes&#8221; column_padding=&#8221;3&#8243; back_color=&#8221;color-xsdn&#8221; overlay_alpha=&#8221;50&#8243; shift_x=&#8221;0&#8243; shift_y=&#8221;0&#8243; shift_y_down=&#8221;0&#8243; z_index=&#8221;0&#8243; medium_width=&#8221;0&#8243; mobile_width=&#8221;0&#8243; shadow=&#8221;xs&#8221; zoom_width=&#8221;0&#8243; zoom_height=&#8221;0&#8243; width=&#8221;1\/2&#8243; uncode_shortcode_id=&#8221;409624&#8243; back_color_type=&#8221;uncode-palette&#8221;]\n<div class=\"wpcf7 no-js\" id=\"wpcf7-f751-o1\" lang=\"pl-PL\" dir=\"ltr\" data-wpcf7-id=\"751\">\n<div class=\"screen-reader-response\"><p role=\"status\" aria-live=\"polite\" aria-atomic=\"true\"><\/p> <ul><\/ul><\/div>\n<form action=\"\/en\/wp-json\/wp\/v2\/pages\/747#wpcf7-f751-o1\" method=\"post\" class=\"wpcf7-form init\" aria-label=\"Formularz kontaktowy\" novalidate=\"novalidate\" data-status=\"init\">\n<fieldset class=\"hidden-fields-container\"><input type=\"hidden\" name=\"_wpcf7\" value=\"751\" \/><input type=\"hidden\" name=\"_wpcf7_version\" value=\"6.1.4\" \/><input type=\"hidden\" name=\"_wpcf7_locale\" value=\"pl_PL\" \/><input type=\"hidden\" name=\"_wpcf7_unit_tag\" value=\"wpcf7-f751-o1\" \/><input type=\"hidden\" name=\"_wpcf7_container_post\" value=\"0\" \/><input type=\"hidden\" name=\"_wpcf7_posted_data_hash\" value=\"\" \/><input type=\"hidden\" name=\"_wpcf7_recaptcha_response\" value=\"\" \/>\n<\/fieldset>\n<div class=\"wpcf7-inline-wrapper\">\n\t<p class=\"wpcf7-inline-field\"><span class=\"wpcf7-form-control-wrap\" data-name=\"your-firstname\"><input size=\"40\" maxlength=\"400\" class=\"wpcf7-form-control wpcf7-text wpcf7-validates-as-required\" aria-required=\"true\" aria-invalid=\"false\" placeholder=\"Name and surname\" value=\"\" type=\"text\" name=\"your-firstname\" \/><\/span>\n\t<\/p>\n\t<p class=\"wpcf7-inline-field\"><span class=\"wpcf7-form-control-wrap\" data-name=\"your-email\"><input size=\"40\" maxlength=\"400\" class=\"wpcf7-form-control wpcf7-email wpcf7-validates-as-required wpcf7-text wpcf7-validates-as-email\" aria-required=\"true\" aria-invalid=\"false\" placeholder=\"E-mail address\" value=\"\" type=\"email\" name=\"your-email\" \/><\/span>\n\t<\/p>\n<\/div>\n<p><span class=\"wpcf7-form-control-wrap\" data-name=\"your-message\"><textarea cols=\"40\" rows=\"10\" maxlength=\"2000\" class=\"wpcf7-form-control wpcf7-textarea\" aria-invalid=\"false\" placeholder=\"Your message\" name=\"your-message\"><\/textarea><\/span>\n<\/p>\n<p><span class=\"wpcf7-form-control-wrap\" data-name=\"accept-this-1\"><span class=\"wpcf7-form-control wpcf7-acceptance\"><span class=\"wpcf7-list-item\"><label><input type=\"checkbox\" name=\"accept-this-1\" value=\"1\" aria-invalid=\"false\" \/><span class=\"wpcf7-list-item-label\">Check here if you accept our terms (<a href=\"\">Privacy Policy<\/a>)<\/span><\/label><\/span><\/span><\/span>\n<\/p>\n<p><input class=\"wpcf7-form-control wpcf7-submit has-spinner btn btn-accent btn-block\" type=\"submit\" value=\"Send\" \/>\n<\/p><div class=\"wpcf7-response-output\" aria-hidden=\"true\"><\/div>\n<\/form>\n<\/div>\n[\/vc_column][vc_column column_width_percent=&#8221;100&#8243; position_horizontal=&#8221;left&#8221; position_vertical=&#8221;middle&#8221; gutter_size=&#8221;2&#8243; overlay_alpha=&#8221;100&#8243; shift_x=&#8221;0&#8243; shift_y=&#8221;0&#8243; shift_y_down=&#8221;0&#8243; z_index=&#8221;0&#8243; medium_width=&#8221;0&#8243; mobile_width=&#8221;0&#8243; zoom_width=&#8221;0&#8243; zoom_height=&#8221;0&#8243; width=&#8221;1\/2&#8243; uncode_shortcode_id=&#8221;507602&#8243;][vc_custom_heading heading_semantic=&#8221;h3&#8243; text_size=&#8221;h1&#8243; sub_reduced=&#8221;yes&#8221; text_uppercase=&#8221;&#8221; uncode_shortcode_id=&#8221;173108&#8243;]Get in touch with us, and we will respond to your inquiries and <span class=\"heading-text-highlight \" data-atts='{\"bg\":\"#fdc31f\",\"height\":\"10%\",\"offset\":\"0.2em\",\"opacity\":\"1\",\"animated\":\"yes\"}'>assist you in finding the optimal solution.<\/span><\/p>\n<p>[\/vc_custom_heading][vc_empty_space empty_h=&#8221;2&#8243;][vc_separator sep_color=&#8221;&#8221; uncode_shortcode_id=&#8221;708292&#8243;][vc_empty_space empty_h=&#8221;0&#8243;][vc_icon position=&#8221;left&#8221; icon=&#8221;fa fa-map-marker2&#8243; icon_color=&#8221;accent&#8221; size=&#8221;fa-2x&#8221; text_size=&#8221;h5&#8243; uncode_shortcode_id=&#8221;149152&#8243; icon_color_type=&#8221;uncode-palette&#8221;]WeHireU sp. z o.o. Aleja Jana Paw\u0142a II 27 00-867 Warsaw[\/vc_icon][vc_icon position=&#8221;left&#8221; icon=&#8221;fa fa-apartment&#8221; icon_color=&#8221;accent&#8221; size=&#8221;fa-2x&#8221; heading_semantic=&#8221;h5&#8243; uncode_shortcode_id=&#8221;817047&#8243; icon_color_type=&#8221;uncode-palette&#8221;]<a href=\"mailto:contact@wehireu.com\">E: contact@wehireu.com<\/a> \u00a0 | \u00a0<a href=\"tel:+48505957510\">PL: +48 505 95 75 10<\/a> \u00a0| <a href=\"tel:+639456842105\">FP: +63 945 684 2105<\/a>[\/vc_icon][vc_empty_space empty_h=&#8221;0&#8243;][vc_separator sep_color=&#8221;&#8221; uncode_shortcode_id=&#8221;708292&#8243;][\/vc_column][\/vc_row][vc_row row_height_percent=&#8221;0&#8243; override_padding=&#8221;yes&#8221; h_padding=&#8221;2&#8243; top_padding=&#8221;0&#8243; bottom_padding=&#8221;1&#8243; overlay_alpha=&#8221;100&#8243; equal_height=&#8221;yes&#8221; gutter_size=&#8221;4&#8243; column_width_percent=&#8221;100&#8243; shift_y=&#8221;0&#8243; z_index=&#8221;0&#8243; desktop_visibility=&#8221;yes&#8221; medium_visibility=&#8221;yes&#8221; inverted_device_order=&#8221;yes&#8221; uncode_shortcode_id=&#8221;391406&#8243;][vc_column column_width_percent=&#8221;100&#8243; gutter_size=&#8221;3&#8243; overlay_alpha=&#8221;50&#8243; shift_x=&#8221;0&#8243; shift_y=&#8221;0&#8243; shift_y_down=&#8221;0&#8243; z_index=&#8221;0&#8243; medium_width=&#8221;0&#8243; mobile_width=&#8221;0&#8243; zoom_width=&#8221;0&#8243; zoom_height=&#8221;0&#8243; width=&#8221;1\/1&#8243; uncode_shortcode_id=&#8221;130855&#8243;][vc_custom_heading heading_semantic=&#8221;h3&#8243; sub_reduced=&#8221;yes&#8221; text_uppercase=&#8221;&#8221; uncode_shortcode_id=&#8221;171371&#8243;]Skontaktuj si\u0119 z nami. Odpowiemy na Twoje pytania <span class=\"heading-text-highlight \" data-atts='{\"bg\":\"#fdc31f\",\"height\":\"10%\",\"offset\":\"0.2em\",\"opacity\":\"1\",\"animated\":\"yes\"}'>i pomo\u017cemy Ci znale\u017a\u0107 najlepsze rozwi\u0105zanie.<\/span>[\/vc_custom_heading][vc_empty_space empty_h=&#8221;2&#8243;][vc_separator sep_color=&#8221;&#8221; uncode_shortcode_id=&#8221;708292&#8243;][vc_empty_space empty_h=&#8221;0&#8243;][vc_icon position=&#8221;left&#8221; icon=&#8221;fa fa-map-marker2&#8243; icon_color=&#8221;accent&#8221; size=&#8221;fa-2x&#8221; text_size=&#8221;h5&#8243; uncode_shortcode_id=&#8221;109663&#8243; icon_color_type=&#8221;uncode-palette&#8221;]WeHireU sp. z o.o. Aleja Jana Paw\u0142a II 27 00-867 Warszawa[\/vc_icon][vc_icon position=&#8221;left&#8221; icon=&#8221;fa fa-apartment&#8221; icon_color=&#8221;accent&#8221; size=&#8221;fa-2x&#8221; heading_semantic=&#8221;h5&#8243; uncode_shortcode_id=&#8221;817047&#8243; icon_color_type=&#8221;uncode-palette&#8221;]<a href=\"mailto:contact@wehireu.com\">E: contact@wehireu.com<\/a> \u00a0 | \u00a0<a href=\"tel:+48505957510\">PL: +48 505 95 75 10<\/a> \u00a0| <a href=\"tel:+639456842105\">FP: +63 945 684 2105<\/a>[\/vc_icon][vc_empty_space empty_h=&#8221;0&#8243;][vc_separator sep_color=&#8221;&#8221; uncode_shortcode_id=&#8221;708292&#8243;][\/vc_column][\/vc_row][vc_row unlock_row_content=&#8221;yes&#8221; row_height_percent=&#8221;0&#8243; override_padding=&#8221;yes&#8221; h_padding=&#8221;2&#8243; top_padding=&#8221;0&#8243; bottom_padding=&#8221;3&#8243; overlay_alpha=&#8221;100&#8243; equal_height=&#8221;yes&#8221; gutter_size=&#8221;4&#8243; column_width_percent=&#8221;100&#8243; shift_y=&#8221;0&#8243; z_index=&#8221;0&#8243; desktop_visibility=&#8221;yes&#8221; medium_visibility=&#8221;yes&#8221; inverted_device_order=&#8221;yes&#8221; uncode_shortcode_id=&#8221;145200&#8243;][vc_column column_width_percent=&#8221;100&#8243; align_horizontal=&#8221;align_center&#8221; gutter_size=&#8221;3&#8243; override_padding=&#8221;yes&#8221; column_padding=&#8221;1&#8243; back_color=&#8221;color-xsdn&#8221; overlay_alpha=&#8221;50&#8243; shift_x=&#8221;0&#8243; shift_y=&#8221;0&#8243; shift_y_down=&#8221;0&#8243; z_index=&#8221;0&#8243; medium_width=&#8221;0&#8243; mobile_width=&#8221;0&#8243; shadow=&#8221;xs&#8221; zoom_width=&#8221;0&#8243; zoom_height=&#8221;0&#8243; width=&#8221;1\/1&#8243; uncode_shortcode_id=&#8221;105337&#8243; back_color_type=&#8221;uncode-palette&#8221;]\n<div class=\"wpcf7 no-js\" id=\"wpcf7-f20-o2\" lang=\"pl-PL\" dir=\"ltr\" data-wpcf7-id=\"20\">\n<div class=\"screen-reader-response\"><p role=\"status\" aria-live=\"polite\" aria-atomic=\"true\"><\/p> <ul><\/ul><\/div>\n<form action=\"\/en\/wp-json\/wp\/v2\/pages\/747#wpcf7-f20-o2\" method=\"post\" class=\"wpcf7-form init\" aria-label=\"Formularz kontaktowy\" novalidate=\"novalidate\" data-status=\"init\">\n<fieldset class=\"hidden-fields-container\"><input type=\"hidden\" name=\"_wpcf7\" value=\"20\" \/><input type=\"hidden\" name=\"_wpcf7_version\" value=\"6.1.4\" \/><input type=\"hidden\" name=\"_wpcf7_locale\" value=\"pl_PL\" \/><input type=\"hidden\" name=\"_wpcf7_unit_tag\" value=\"wpcf7-f20-o2\" \/><input type=\"hidden\" name=\"_wpcf7_container_post\" value=\"0\" \/><input type=\"hidden\" name=\"_wpcf7_posted_data_hash\" value=\"\" \/><input type=\"hidden\" name=\"_wpcf7_recaptcha_response\" value=\"\" \/>\n<\/fieldset>\n<div class=\"wpcf7-inline-wrapper\">\n\t<p class=\"wpcf7-inline-field\"><span class=\"wpcf7-form-control-wrap\" data-name=\"your-firstname\"><input size=\"40\" maxlength=\"400\" class=\"wpcf7-form-control wpcf7-text wpcf7-validates-as-required\" aria-required=\"true\" aria-invalid=\"false\" placeholder=\"Imi\u0119 i nazwisko\" value=\"\" type=\"text\" name=\"your-firstname\" \/><\/span>\n\t<\/p>\n\t<p class=\"wpcf7-inline-field\"><span class=\"wpcf7-form-control-wrap\" data-name=\"your-email\"><input size=\"40\" maxlength=\"400\" class=\"wpcf7-form-control wpcf7-email wpcf7-validates-as-required wpcf7-text wpcf7-validates-as-email\" aria-required=\"true\" aria-invalid=\"false\" placeholder=\"Adres e-mail\" value=\"\" type=\"email\" name=\"your-email\" \/><\/span>\n\t<\/p>\n<\/div>\n<p><span class=\"wpcf7-form-control-wrap\" data-name=\"your-message\"><textarea cols=\"40\" rows=\"10\" maxlength=\"2000\" class=\"wpcf7-form-control wpcf7-textarea\" aria-invalid=\"false\" placeholder=\"Twoja wiadomo\u015b\u0107\" name=\"your-message\"><\/textarea><\/span>\n<\/p>\n<p><span class=\"wpcf7-form-control-wrap\" data-name=\"accept-this-1\"><span class=\"wpcf7-form-control wpcf7-acceptance\"><span class=\"wpcf7-list-item\"><label><input type=\"checkbox\" name=\"accept-this-1\" value=\"1\" aria-invalid=\"false\" \/><span class=\"wpcf7-list-item-label\">Sprawd\u017a tutaj, czy akceptujesz nasze warunki (<a href=\"#\">Polityka prywatno\u015b\u0107i<\/a>)<\/span><\/label><\/span><\/span><\/span>\n<\/p>\n<p><input class=\"wpcf7-form-control wpcf7-submit has-spinner btn btn-accent btn-block\" type=\"submit\" value=\"Wy\u015blij\" \/>\n<\/p><div class=\"wpcf7-response-output\" aria-hidden=\"true\"><\/div>\n<\/form>\n<\/div>\n[\/vc_column][\/vc_row]<\/p>\n<\/div>","protected":false},"excerpt":{"rendered":"<p>[vc_row row_height_percent=&#8221;0&#8243; override_padding=&#8221;yes&#8221; h_padding=&#8221;2&#8243; top_padding=&#8221;0&#8243; bottom_padding=&#8221;5&#8243; overlay_alpha=&#8221;100&#8243; equal_height=&#8221;yes&#8221; gutter_size=&#8221;4&#8243; column_width_percent=&#8221;100&#8243; shift_y=&#8221;0&#8243; z_index=&#8221;0&#8243; mobile_visibility=&#8221;yes&#8221; uncode_shortcode_id=&#8221;153283&#8243;][vc_column column_width_percent=&#8221;100&#8243; gutter_size=&#8221;3&#8243; override_padding=&#8221;yes&#8221; column_padding=&#8221;3&#8243; back_color=&#8221;color-xsdn&#8221; overlay_alpha=&#8221;50&#8243; [&hellip;]<\/p>\n","protected":false},"author":2,"featured_media":0,"parent":0,"menu_order":0,"comment_status":"closed","ping_status":"closed","template":"","meta":{"footnotes":""},"class_list":["post-747","page","type-page","status-publish","hentry"],"_links":{"self":[{"href":"https:\/\/wehireu.com\/en\/wp-json\/wp\/v2\/pages\/747","targetHints":{"allow":["GET"]}}],"collection":[{"href":"https:\/\/wehireu.com\/en\/wp-json\/wp\/v2\/pages"}],"about":[{"href":"https:\/\/wehireu.com\/en\/wp-json\/wp\/v2\/types\/page"}],"author":[{"embeddable":true,"href":"https:\/\/wehireu.com\/en\/wp-json\/wp\/v2\/users\/2"}],"replies":[{"embeddable":true,"href":"https:\/\/wehireu.com\/en\/wp-json\/wp\/v2\/comments?post=747"}],"version-history":[{"count":7,"href":"https:\/\/wehireu.com\/en\/wp-json\/wp\/v2\/pages\/747\/revisions"}],"predecessor-version":[{"id":832,"href":"https:\/\/wehireu.com\/en\/wp-json\/wp\/v2\/pages\/747\/revisions\/832"}],"wp:attachment":[{"href":"https:\/\/wehireu.com\/en\/wp-json\/wp\/v2\/media?parent=747"}],"curies":[{"name":"wp","href":"https:\/\/api.w.org\/{rel}","templated":true}]}}